{"id":11,"date":"2025-08-18T15:46:07","date_gmt":"2025-08-18T15:46:07","guid":{"rendered":"https:\/\/wintech-competicao.com\/?page_id=11"},"modified":"2025-08-18T15:46:07","modified_gmt":"2025-08-18T15:46:07","slug":"sobre","status":"publish","type":"page","link":"https:\/\/wintech-competicao.com\/index.php\/sobre\/","title":{"rendered":"Sobre"},"content":{"rendered":"\n<p>Poder\u00e1 ser um artista que pretende apresentar-se e mostrar o seu trabalho, ou poder\u00e1 ser uma empresa com uma miss\u00e3o para descrever.<\/p>\n","protected":false},"excerpt":{"rendered":"<p>Poder\u00e1 ser um artista que pretende apresentar-se e mostrar o seu trabalho, ou poder\u00e1 ser uma empresa com uma miss\u00e3o para descrever.<\/p>\n","protected":false},"author":1,"featured_media":8,"parent":0,"menu_order":0,"comment_status":"closed","ping_status":"closed","template":"","meta":{"footnotes":""},"class_list":["post-11","page","type-page","status-publish","has-post-thumbnail","hentry"],"yoast_head":"<!-- This site is optimized with the Yoast SEO plugin v25.7 - https:\/\/yoast.com\/wordpress\/plugins\/seo\/ -->\n<title>Sobre - WINTECH Competi\u00e7\u00e3o<\/title>\n<meta name=\"robots\" content=\"index, follow, max-snippet:-1, max-image-preview:large, max-video-preview:-1\" \/>\n<link rel=\"canonical\" href=\"https:\/\/wintech-competicao.com\/index.php\/sobre\/\" \/>\n<meta property=\"og:locale\" content=\"pt_PT\" \/>\n<meta property=\"og:type\" content=\"article\" \/>\n<meta property=\"og:title\" content=\"Sobre - WINTECH Competi\u00e7\u00e3o\" \/>\n<meta property=\"og:description\" content=\"Poder\u00e1 ser um artista que pretende apresentar-se e mostrar o seu trabalho, ou poder\u00e1 ser uma empresa com uma miss\u00e3o para descrever.\" \/>\n<meta property=\"og:url\" content=\"https:\/\/wintech-competicao.com\/index.php\/sobre\/\" \/>\n<meta property=\"og:site_name\" content=\"WINTECH Competi\u00e7\u00e3o\" \/>\n<meta property=\"og:image\" content=\"https:\/\/wintech-competicao.com\/wp-content\/uploads\/2025\/08\/sandwich.jpg\" \/>\n\t<meta property=\"og:image:width\" content=\"2000\" \/>\n\t<meta property=\"og:image:height\" content=\"1200\" \/>\n\t<meta property=\"og:image:type\" content=\"image\/jpeg\" \/>\n<meta name=\"twitter:card\" content=\"summary_large_image\" \/>\n<script type=\"application\/ld+json\" class=\"yoast-schema-graph\">{\"@context\":\"https:\/\/schema.org\",\"@graph\":[{\"@type\":\"WebPage\",\"@id\":\"https:\/\/wintech-competicao.com\/index.php\/sobre\/\",\"url\":\"https:\/\/wintech-competicao.com\/index.php\/sobre\/\",\"name\":\"Sobre - WINTECH Competi\u00e7\u00e3o\",\"isPartOf\":{\"@id\":\"https:\/\/wintech-competicao.com\/#website\"},\"primaryImageOfPage\":{\"@id\":\"https:\/\/wintech-competicao.com\/index.php\/sobre\/#primaryimage\"},\"image\":{\"@id\":\"https:\/\/wintech-competicao.com\/index.php\/sobre\/#primaryimage\"},\"thumbnailUrl\":\"https:\/\/wintech-competicao.com\/wp-content\/uploads\/2025\/08\/sandwich.jpg\",\"datePublished\":\"2025-08-18T15:46:07+00:00\",\"breadcrumb\":{\"@id\":\"https:\/\/wintech-competicao.com\/index.php\/sobre\/#breadcrumb\"},\"inLanguage\":\"pt-PT\",\"potentialAction\":[{\"@type\":\"ReadAction\",\"target\":[\"https:\/\/wintech-competicao.com\/index.php\/sobre\/\"]}]},{\"@type\":\"ImageObject\",\"inLanguage\":\"pt-PT\",\"@id\":\"https:\/\/wintech-competicao.com\/index.php\/sobre\/#primaryimage\",\"url\":\"https:\/\/wintech-competicao.com\/wp-content\/uploads\/2025\/08\/sandwich.jpg\",\"contentUrl\":\"https:\/\/wintech-competicao.com\/wp-content\/uploads\/2025\/08\/sandwich.jpg\",\"width\":2000,\"height\":1200},{\"@type\":\"BreadcrumbList\",\"@id\":\"https:\/\/wintech-competicao.com\/index.php\/sobre\/#breadcrumb\",\"itemListElement\":[{\"@type\":\"ListItem\",\"position\":1,\"name\":\"In\u00edcio\",\"item\":\"https:\/\/wintech-competicao.com\/\"},{\"@type\":\"ListItem\",\"position\":2,\"name\":\"Sobre\"}]},{\"@type\":\"WebSite\",\"@id\":\"https:\/\/wintech-competicao.com\/#website\",\"url\":\"https:\/\/wintech-competicao.com\/\",\"name\":\"WINTECH Competi\u00e7\u00e3o\",\"description\":\"by CALISTO CORSE EQUIPE\",\"publisher\":{\"@id\":\"https:\/\/wintech-competicao.com\/#organization\"},\"potentialAction\":[{\"@type\":\"SearchAction\",\"target\":{\"@type\":\"EntryPoint\",\"urlTemplate\":\"https:\/\/wintech-competicao.com\/?s={search_term_string}\"},\"query-input\":{\"@type\":\"PropertyValueSpecification\",\"valueRequired\":true,\"valueName\":\"search_term_string\"}}],\"inLanguage\":\"pt-PT\"},{\"@type\":\"Organization\",\"@id\":\"https:\/\/wintech-competicao.com\/#organization\",\"name\":\"WINTECH Competi\u00e7\u00e3o\",\"url\":\"https:\/\/wintech-competicao.com\/\",\"logo\":{\"@type\":\"ImageObject\",\"inLanguage\":\"pt-PT\",\"@id\":\"https:\/\/wintech-competicao.com\/#\/schema\/logo\/image\/\",\"url\":\"https:\/\/wintech-competicao.com\/wp-content\/uploads\/2025\/08\/cropped-wintech_logo-1.png\",\"contentUrl\":\"https:\/\/wintech-competicao.com\/wp-content\/uploads\/2025\/08\/cropped-wintech_logo-1.png\",\"width\":961,\"height\":250,\"caption\":\"WINTECH Competi\u00e7\u00e3o\"},\"image\":{\"@id\":\"https:\/\/wintech-competicao.com\/#\/schema\/logo\/image\/\"}}]}<\/script>\n<!-- \/ Yoast SEO plugin. -->","yoast_head_json":{"title":"Sobre - WINTECH Competi\u00e7\u00e3o","robots":{"index":"index","follow":"follow","max-snippet":"max-snippet:-1","max-image-preview":"max-image-preview:large","max-video-preview":"max-video-preview:-1"},"canonical":"https:\/\/wintech-competicao.com\/index.php\/sobre\/","og_locale":"pt_PT","og_type":"article","og_title":"Sobre - WINTECH Competi\u00e7\u00e3o","og_description":"Poder\u00e1 ser um artista que pretende apresentar-se e mostrar o seu trabalho, ou poder\u00e1 ser uma empresa com uma miss\u00e3o para descrever.","og_url":"https:\/\/wintech-competicao.com\/index.php\/sobre\/","og_site_name":"WINTECH Competi\u00e7\u00e3o","og_image":[{"width":2000,"height":1200,"url":"https:\/\/wintech-competicao.com\/wp-content\/uploads\/2025\/08\/sandwich.jpg","type":"image\/jpeg"}],"twitter_card":"summary_large_image","schema":{"@context":"https:\/\/schema.org","@graph":[{"@type":"WebPage","@id":"https:\/\/wintech-competicao.com\/index.php\/sobre\/","url":"https:\/\/wintech-competicao.com\/index.php\/sobre\/","name":"Sobre - WINTECH Competi\u00e7\u00e3o","isPartOf":{"@id":"https:\/\/wintech-competicao.com\/#website"},"primaryImageOfPage":{"@id":"https:\/\/wintech-competicao.com\/index.php\/sobre\/#primaryimage"},"image":{"@id":"https:\/\/wintech-competicao.com\/index.php\/sobre\/#primaryimage"},"thumbnailUrl":"https:\/\/wintech-competicao.com\/wp-content\/uploads\/2025\/08\/sandwich.jpg","datePublished":"2025-08-18T15:46:07+00:00","breadcrumb":{"@id":"https:\/\/wintech-competicao.com\/index.php\/sobre\/#breadcrumb"},"inLanguage":"pt-PT","potentialAction":[{"@type":"ReadAction","target":["https:\/\/wintech-competicao.com\/index.php\/sobre\/"]}]},{"@type":"ImageObject","inLanguage":"pt-PT","@id":"https:\/\/wintech-competicao.com\/index.php\/sobre\/#primaryimage","url":"https:\/\/wintech-competicao.com\/wp-content\/uploads\/2025\/08\/sandwich.jpg","contentUrl":"https:\/\/wintech-competicao.com\/wp-content\/uploads\/2025\/08\/sandwich.jpg","width":2000,"height":1200},{"@type":"BreadcrumbList","@id":"https:\/\/wintech-competicao.com\/index.php\/sobre\/#breadcrumb","itemListElement":[{"@type":"ListItem","position":1,"name":"In\u00edcio","item":"https:\/\/wintech-competicao.com\/"},{"@type":"ListItem","position":2,"name":"Sobre"}]},{"@type":"WebSite","@id":"https:\/\/wintech-competicao.com\/#website","url":"https:\/\/wintech-competicao.com\/","name":"WINTECH Competi\u00e7\u00e3o","description":"by CALISTO CORSE EQUIPE","publisher":{"@id":"https:\/\/wintech-competicao.com\/#organization"},"potentialAction":[{"@type":"SearchAction","target":{"@type":"EntryPoint","urlTemplate":"https:\/\/wintech-competicao.com\/?s={search_term_string}"},"query-input":{"@type":"PropertyValueSpecification","valueRequired":true,"valueName":"search_term_string"}}],"inLanguage":"pt-PT"},{"@type":"Organization","@id":"https:\/\/wintech-competicao.com\/#organization","name":"WINTECH Competi\u00e7\u00e3o","url":"https:\/\/wintech-competicao.com\/","logo":{"@type":"ImageObject","inLanguage":"pt-PT","@id":"https:\/\/wintech-competicao.com\/#\/schema\/logo\/image\/","url":"https:\/\/wintech-competicao.com\/wp-content\/uploads\/2025\/08\/cropped-wintech_logo-1.png","contentUrl":"https:\/\/wintech-competicao.com\/wp-content\/uploads\/2025\/08\/cropped-wintech_logo-1.png","width":961,"height":250,"caption":"WINTECH Competi\u00e7\u00e3o"},"image":{"@id":"https:\/\/wintech-competicao.com\/#\/schema\/logo\/image\/"}}]}},"_links":{"self":[{"href":"https:\/\/wintech-competicao.com\/index.php\/wp-json\/wp\/v2\/pages\/11","targetHints":{"allow":["GET"]}}],"collection":[{"href":"https:\/\/wintech-competicao.com\/index.php\/wp-json\/wp\/v2\/pages"}],"about":[{"href":"https:\/\/wintech-competicao.com\/index.php\/wp-json\/wp\/v2\/types\/page"}],"author":[{"embeddable":true,"href":"https:\/\/wintech-competicao.com\/index.php\/wp-json\/wp\/v2\/users\/1"}],"replies":[{"embeddable":true,"href":"https:\/\/wintech-competicao.com\/index.php\/wp-json\/wp\/v2\/comments?post=11"}],"version-history":[{"count":1,"href":"https:\/\/wintech-competicao.com\/index.php\/wp-json\/wp\/v2\/pages\/11\/revisions"}],"predecessor-version":[{"id":19,"href":"https:\/\/wintech-competicao.com\/index.php\/wp-json\/wp\/v2\/pages\/11\/revisions\/19"}],"wp:featuredmedia":[{"embeddable":true,"href":"https:\/\/wintech-competicao.com\/index.php\/wp-json\/wp\/v2\/media\/8"}],"wp:attachment":[{"href":"https:\/\/wintech-competicao.com\/index.php\/wp-json\/wp\/v2\/media?parent=11"}],"curies":[{"name":"wp","href":"https:\/\/api.w.org\/{rel}","templated":true}]}}